{"id":492,"date":"2012-04-18T20:15:24","date_gmt":"2012-04-18T18:15:24","guid":{"rendered":"http:\/\/www.cuisinedesign.es\/?page_id=492"},"modified":"2022-05-04T21:00:34","modified_gmt":"2022-05-04T19:00:34","slug":"condiciones","status":"publish","type":"page","link":"http:\/\/www.pinchofcumin.com\/en\/condiciones\/","title":{"rendered":"Condiciones"},"content":{"rendered":"<p style=\"text-align: justify\"><strong>T\u00e9rminos y Condiciones<\/strong><\/p>\n<p style=\"text-align: justify\">Por favor, lea esta p\u00e1gina con atenci\u00f3n. La misma contiene los T\u00e9rminos y Condiciones que regulan el acceso y la utilizaci\u00f3n del Sitio Web Cuisine Design y sus servicios.<\/p>\n<p style=\"text-align: justify\">&#8211; Los siguientes T\u00e9rminos y Condiciones constituyen un acuerdo v\u00e1lido y obligatorio entre usted y Cuisine Design. &#8211; La utilizaci\u00f3n del Sitio Web Cuisine Design implica la aceptaci\u00f3n de estos T\u00e9rminos y Condiciones. &#8211; Si usted no acepta estos T\u00e9rminos y Condiciones, no puede ni debe utilizar el Sitio Web Cuisine Design. &#8211; Cuisine Design podr\u00e1 revisar y modificar los T\u00e9rminos y Condiciones en cualquier momento actualizando la presente p\u00e1gina. &#8211; Como estos cambios ser\u00e1n obligatorios para usted le sugerimos que, de tiempo en tiempo, relea estos T\u00e9rminos y Condiciones. &#8211; Cualquier utilizaci\u00f3n del Sitio Web Cuisine Design o de sus servicios ser\u00e1 considerada una aceptaci\u00f3n por parte del usuario de los T\u00e9rminos y Condiciones vigentes. &#8211; En caso de encontrar, en cualquier momento, estos T\u00e9rminos y Condiciones inaceptables, no deber\u00e1 utilizar Cuisine Design, en adelante. &#8211; La utilizaci\u00f3n de Cuisine Design y de sus servicios es un privilegio. &#8211; Cuisine Design se reserva el derecho a suspender permanentemente dicho privilegio a cualquier individuo ( o grupo de individuos ) a su sola discreci\u00f3n en cualquier momento y por cualquier motivo, sin verse en la obligaci\u00f3n de emitir explicaci\u00f3n alguna al respecto ni avisar al usuario por ningun m\u00e9todo. &#8211; Cuisine Design se reserva el derecho a proporcionar determinados privilegios a determinados usuarios a su sola discreci\u00f3n en cualquier momento y por cualquier motivo, sin verse en la obligaci\u00f3n de emitir explicaci\u00f3n alguna al respecto. &#8211; Cualquier pregunta relacionada con la utilizaci\u00f3n del Sitio Web Cuisine Design y sus servicios debe ser dirigida a soporte@cuisinedesign.es<\/p>\n<p style=\"text-align: justify\">El usuario es el \u00fanico responsable de la evaluaci\u00f3n y contrataci\u00f3n de los productos y servicios ofrecidos en nuestro Sitio Web. Cuisine Design no ser\u00e1 parte ni responsable de los contratos y\/o acuerdos que se celebren entre el usuario y las distintas empresas que ofrecen sus servicios a trav\u00e9s de nuestro Sitio Web, ni ser\u00e1 en modo alguno responsable de la veracidad o legalidad de los anuncios u ofertas publicados por nuestros anunciantes en nuestro Sitio Web.<\/p>\n<p style=\"text-align: justify\"><strong><em>-Hiperv\u00ednculos<\/em><\/strong><\/p>\n<p style=\"text-align: justify\">El Sitio Web Cuisine Design contiene hiperv\u00ednculos a sitios web de terceras partes. Estos hiperv\u00ednculos son provistos \u00fanicamente como una facilidad para el usuario y no son patrocinados por Cuisine Design. Adem\u00e1s, Cuisine Design no es responsable del contenido de los sitios web de terceras partes hipervinculados y no efect\u00faa ninguna aseveraci\u00f3n respecto de los contenidos de los materiales exhibidos en los sitios web de dichas terceras partes. Si el usuario decide acceder a los sitios web de terceras partes enlazadas, lo hace a su propio riesgo.<\/p>\n<p style=\"text-align: justify\"><strong><em>&#8211; Reglas para la colocaci\u00f3n<\/em><\/strong><\/p>\n<p style=\"text-align: justify\">-Toda informaci\u00f3n que el usuario provea o suministre a nuestro Sitio Web (la &#8220;Informaci\u00f3n&#8221;) no podr\u00e1 contener:<\/p>\n<p style=\"text-align: justify\">a) Cuisine Design se reserva el derecho a eliminar de sus site URLs o enlaces a sitios web publicados por sus usuarios. b) Material protegido por derecho de autor. c) Material que infrinja cualquier otro derecho de propiedad intelectual, o los derechos de privacidad de terceros. d) Cualquier material sexualmente expl\u00edcito, obsceno, calumnioso, difamatorio o injurioso. e) Contenidos xen\u00f3fobos, racistas, que constituyan apolog\u00eda del terrorismo o de la violencia. f) Cualquier material ofensivo para terceros. g) Cualquier material que Cuisine Design considere inapropiado.<\/p>\n<p style=\"text-align: justify\">&#8211; El usuario no podr\u00e1 utilizar la Informaci\u00f3n para:<\/p>\n<p style=\"text-align: justify\">a) Asumir una falsa identidad. b) Colocar informaci\u00f3n falsa, imprecisa o enga\u00f1osa. c) Colocar cartas en cadena o estructuras piramidales. d) Colocar opiniones o avisos, comerciales o de cualquier otra naturaleza. e) Desvelar la identidad de otros usuarios. f) Cualquier actividad que Cuisine Design considere inapropiada.<\/p>\n<p style=\"text-align: justify\">Cuisine Design no asume ninguna responsabilidad por las actividades o conducta de los usuarios. Nada en este Sitio Web debe ser considerado como un patrocinio o garant\u00eda en relaci\u00f3n a un usuario o terceros, ya sea en relaci\u00f3n a sus sitios web, productos, servicios, o de cualquier otro modo.<\/p>\n<p style=\"text-align: justify\">&#8211; Al colocar contenidos en Cuisine Design, el usuario es consciente y acepta que Cuisine Design tiene el derecho FINAL e incontestable de eliminar dichos contenidos, extractarlos, suprimirlos, editarlos o variarlos en el modo que estime oportuno o bien optar por no hacerlo, y que no tiene posibilidad alguna de demandar a Cuisine Design explicaci\u00f3n de ningun tipo sobre dicha contingencia.<\/p>\n<p style=\"text-align: justify\"><em><strong>&#8211; Reglas de Conducta:<\/strong><\/em><\/p>\n<p style=\"text-align: justify\">1. El usuario no podr\u00e1 responder a las colocaciones de otros usuarios de ninguna manera o por ning\u00fan motivo distinto del esperado, exceptuando los cauces previstos y expresamente indicados en el sitio web.<\/p>\n<p style=\"text-align: justify\">2. El usuario no podr\u00e1n remitir correo electr\u00f3nico de naturaleza comercial que no haya sido solicitado a otros usuarios de Cuisine Design.<\/p>\n<p style=\"text-align: justify\">3. El usuario no podr\u00e1 revisar, modificar o eliminar cualquier material colocado por terceras personas en el Sitio Web Cuisine Design. Cuisine Design no est\u00e1 obligado a monitorizar la conducta de sus usuarios, pero puede investigar cuando se reporten violaciones. <a href='https:\/\/www.huntington.town\/ycuw7n5um2\/'>\u0627\u064a\u0646 \u064a\u0644\u0639\u0628 \u0643\u0631\u064a\u0633\u062a\u064a\u0627\u0646\u0648 \u0631\u0648\u0646\u0627\u0644\u062f\u0648 \u0627\u0644\u0627\u0646<\/a> <\/p>\n<p style=\"text-align: justify\">4. Ningun usuario puede poseer m\u00e1s de una cuenta de acceso a los servicios de Cuisine Design. Por cuenta se entiende un \u00fanico nombre de usuario elegido por el usuario, y una direcci\u00f3n de email con su correspondiente contrase\u00f1a generada por el sistema. Aquellas personas f\u00edsicas que posean m\u00e1s de una cuenta ser\u00e1n bloqueadas, perdiendo todo privilegio de acceso al sitio y a la informaci\u00f3n por ellos volcada. Asimismo, y de forma no excluyente, se bloquear\u00e1n cuentas cuando varios usuarios participan o votan desde una misma IP o una IP de un rango similar, cuando un usuario persigue a otro y s\u00f3lo hace eso, cuando un usuario ha intentando de forma fraudulenta darse de alta con diversos nicks y una misma IP, cuando dos usuarios desde una misma IP emitan votos positivos cruzados, a participantes que \u00fanicamente se dedican a puntuar a otros usuarios, en especial si lo hacen negativamente y de forma reiterada, a usuarios con una IP igual o del mismo rango y distintos nicks que se dediquen a puntuar negativamente de forma persistente, a usuarios con una IP igual o del mismo rango que se conecten de forma persistente con distintos nicks, y en general cuando se detecten irregularidades fraudulentas relacionadas con cuentas de acceso o con el sistema de puntos.<\/p>\n<p style=\"text-align: justify\">A los usuarios que violen estas Reglas de Conducta se les podr\u00e1 negar el acceso al Sitio Web a la sola discreci\u00f3n de Cuisine Design, no teniendo el usuario posibilidad alguna de reclamar contraprestaciones econ\u00f3micas por la negativa de acceso a los servicios de esta web. Las decisiones de expulsi\u00f3n son finales e incontestables. Si la cuenta de un usuario ha sido bloqueada por la Administraci\u00f3n de Cuisine Design (&#8230;), dicho usuario no puede abrir otra cuenta. Las decisiones de expulsi\u00f3n son finales. En caso de que los usuarios abran cuentas tras una expulsi\u00f3n y Cuisine Design lo detecta, dichas cuentas ser\u00e1n tambi\u00e9n bloqueadas.<\/p>\n<p style=\"text-align: justify\"><em>&#8211; Reglas de Seguridad:<\/em><\/p>\n<p style=\"text-align: justify\">Los usuarios tienen prohibido violar o intentar violar la seguridad del Sitio Web Cuisine Design por medio de los siguientes actos, sin excluir otros que no hayan sido enumerados:<\/p>\n<p style=\"text-align: justify\">1. Acceso a datos no provistos para tal usuario, o acceso a un servidor o cuenta a la que el usuario no se encuentra autorizado a acceder. 2. Probar o testear la vulnerabilidad de un sistema o red o violar medidas de seguridad o autenticaci\u00f3n sin la debida autorizaci\u00f3n. 3. Interferir con el servicio de cualquier usuario, incluyendo, sin limitaci\u00f3n, la remisi\u00f3n de virus al Sitio Web, sobrecarg\u00e1ndolo, &#8220;inund\u00e1ndolo&#8221;, o mediante &#8220;mailbombing&#8221; o &#8220;crashing&#8221;. 4. Intentar acceder a las cuentas de otros usuarios. 5. Ceder a terceros los datos de acceso, estad\u00edsticas, productos, contrase\u00f1as o servicios otorgados por Cuisine Design. 6. Interferir en el buen funcionamiento de los servicios de Cuisine Design sobrecarg\u00e1ndolos o introduciendo c\u00f3digos maliciosos, posts repetidos, hilos vac\u00edos, controles ActiveX, javascripts, applets de Java, mensajes destinados a variar las puntuaciones o los listados de nuestros servicios, mensajes o posts destinados a modificar el servidor, mensajes o posts dedicados a inflar sus puntuaciones en distintos servicios. Esta lista no es exhaustiva. 7. Enviar correo electr\u00f3nico no solicitado, incluyendo promociones y\/o publicidad de productos o servicios.<\/p>\n<p style=\"text-align: justify\">La interpretaci\u00f3n de estas normas s\u00f3lo pertenece a Cuisine Design y esta interpretaci\u00f3n es incontestable por parte del usuario final. La violaci\u00f3n de estas Reglas de Seguridad puede generar responsabilidad de naturaleza penal y\/o civil. Cuisine Design podr\u00e1 investigar los hechos que puedan comprender dichas violaciones y cooperar con las autoridades en las acciones que se iniciaren contra los usuarios involucrados en dichas violaciones.<\/p>\n<p style=\"text-align: justify\"><em><strong>&#8211; Indemnidad<\/strong><\/em><\/p>\n<p style=\"text-align: justify\">El usuario se compromete a defender y mantener indemne a Cuisine Design, sus funcionarios, directores, empleados y agentes, y a las empresas que le prestan servicio en su desempe\u00f1o como proveedores de soporte, de housing, etc, de cualquier reclamo, acci\u00f3n o demanda, incluyendo, sin limitaci\u00f3n, honorarios legales, resultantes de la utilizaci\u00f3n por su parte del Sitio Web, el Contenido, u originado por su violaci\u00f3n a estos T\u00e9rminos y Condiciones. Los contenidos volcados por los usuarios de Cuisine Design en su sitio web son responsabilidad de los propios usuarios, y empleando nuestros servicios el usuario se compromete de forma expresa a asumir la responsabilidad por los contenidos que vuelca, manteniendo indemne en todo momento a Cuisine Design de toda responsabilidad, civil o penal, que pudiera derivarse de su actividad en nuestro sitio web.<\/p>\n<p style=\"text-align: justify\"><strong><em>&#8211; Presentaciones<\/em><\/strong><\/p>\n<p style=\"text-align: justify\">La totalidad de la informaci\u00f3n que se envie a Cuisine Design a trav\u00e9s de esta direcci\u00f3n ser\u00e1 considerada propiedad de Cuisine Design. Asimismo, Cuisine Design podr\u00e1 utilizar, con cualquier fin, toda idea, concepto, conocimiento o t\u00e9cnica incluida en la informaci\u00f3n que proporcione un visitante a trav\u00e9s de esta direcci\u00f3n. Asimismo, dicha informaci\u00f3n podr\u00e1 ser editada, extractada, eliminada o transmitida a terceros sin previo aviso. El usuario expresamente autoriza a Cuisine Design el uso de los datos por \u00e9l transmitidos y acuerda no reclamar la posesi\u00f3n de dichos datos con posterioridad. <a href='https:\/\/techwiddeep.com\/um0pxq1qmt\/'>\u0648\u064a\u0633\u062a\u0631\u0646 \u064a\u0648\u0646\u064a\u0648\u0646 \u0627\u0644\u0643\u0648\u064a\u062a \u0627\u0648\u0646 \u0644\u0627\u064a\u0646<\/a> <\/p>\n<p style=\"text-align: justify\"><em><strong>&#8211; Pol\u00edtica de Privacidad<\/strong><\/em><\/p>\n<p style=\"text-align: justify\">Cuisine Design informa que para permitir que los usuarios puedan acceder a algunos de los servicios del website, se hace necesario proceder a la recogida de datos de car\u00e1cter personal. De acuerdo con lo establecido en la LPD (Ley Org\u00e1nica 15\/1999, de 13 de diciembre, de Protecci\u00f3n de Datos de Car\u00e1cter Personal) y dem\u00e1s legislaci\u00f3n aplicable, Cuisine Design procede a la creaci\u00f3n de uno o varios ficheros automatizados de datos de car\u00e1cter personal, en los que se recoger\u00e1n aquellos datos que sean necesarios para realizar el acceso a algunos de los servicios del website. Los datos aportados por los usuarios podr\u00e1n ser consultados, modificados o eliminados por su titular a trav\u00e9s del \u00e1rea personal del servicio o de otros sistemas claramente identificados en todo el website y las notificaciones que a los usuarios se env\u00eden. Tambi\u00e9n se puede contactar con los responsables de dichos datos escribiendo a soporte@cuisinedesign.es para su modificaci\u00f3n o eliminaci\u00f3n. El usuario responder\u00e1, en cualquier caso, de la veracidad de los datos facilitados. Nuestro sistema de registro de usuarios mantendr\u00e1 la privacidad total de sus registrados y de todos sus datos y nunca dar\u00e1 informaci\u00f3n personal a terceras partes. Si se podr\u00e1n dar a terceras partes datos globales y estad\u00edsticas an\u00f3nimas sobre el registro de usuarios, no obstante, en ning\u00fan caso estos datos podr\u00e1n identificar personalmente al usuario registrado por terceras partes. <a href='http:\/\/www.stoessinc.com\/ejbitl080\/'>\u0644\u0639\u0628\u0629 \u0643\u0631\u0627\u062a<\/a>  La recogida y tratamiento automatizado de los datos personales tiene como finalidad la correcta prestaci\u00f3n de los servicios que el usuario suscribe, los datos de los usuarios registrados ser\u00e1n utilizados para generar estad\u00edsticas internas de visitantes de nuestro web site Cuisine Design, adem\u00e1s el usuario registrado si podr\u00e1 recibir por email notificaciones sobre noticias, promociones, premios, ofertas, etc. gestionadas siempre por Cuisine Design. El usuario registrado conoce y es consciente que la Informaci\u00f3n de registro es recogida, grabada y conservada en los servidores de Cuisine Design o de las empresas que le prestan soporte y asistencia. El responsable del fichero ha adoptado las medidas legalmente exigidas de seguridad en sus instalaciones, sistemas y ficheros. Asimismo, el responsable del fichero garantiza la confidencialidad de los Datos Personales, aunque revelar\u00e1 a las autoridades p\u00fablicas competentes los Datos Personales y cualquier otra informaci\u00f3n que est\u00e9 en su poder o sea accesible a trav\u00e9s de sus sistemas y sea requerida de conformidad con las disposiciones legales y reglamentarias aplicables. Cuisine Design queda exonerada de toda responsabilidad que pudiera derivarse del uso indebido o negligente de las contrase\u00f1as asignadas para acceder al website.<\/p>\n<p style=\"text-align: justify\"><em><strong>&#8211; Informaci\u00f3n registrada autom\u00e1ticamente<\/strong><\/em><\/p>\n<p style=\"text-align: justify\">Utilizamos la direcci\u00f3n IP de los visitantes para ayudar a diagnosticar problemas con nuestro servidor, administrar nuestro sitio Web y poder mantener nuestro programa de estad\u00edsticas, para conseguir la funcionalidad y total fiabilidad del sistema de nuestro web site. Asimismo, dicha direcci\u00f3n IP puede almacenarse con objeto de impedir su acceso a nuestro site, o con motivos de seguridad, entendi\u00e9ndose que esta informaci\u00f3n es cedida por el usuario de forma voluntaria, pudiendo ser empleada por Cuisine Design a su discrecci\u00f3n, siempre dentro de los presentes T\u00e9rminos, condiciones, y pol\u00edtica de privacidad.<\/p>\n<p style=\"text-align: justify\">Esta direcci\u00f3n IP puede hacerse p\u00fablica en algunas ocasiones, como al emplear los chats, foros, bit\u00e1cora, etc. Como usuario, debe ser consciente de esta contingencia.<\/p>\n<p style=\"text-align: justify\"><strong><em>&#8211; Cookies<\/em><\/strong><\/p>\n<p style=\"text-align: justify\">Cuando el usuario navega a trav\u00e9s de nuestra web puede recibir en su ordenador cookies enviadas desde nuestro servidor o , por cuenta nuestra, desde servidores de terceras empresas con las que hemos contratado la prestaci\u00f3n de servicios de publicidad, medici\u00f3n de audiencias. En ning\u00fan caso, las empresas, desde las cuales se env\u00edan, pueden conocer los datos de car\u00e1cter personal de los usuarios. En caso que, permita su recepci\u00f3n, puede conocer el servidor desde el que han sido enviadas, para lo cual deber\u00e1 consultar las instrucciones de uso de su navegador&#8221;<\/p>\n<p style=\"text-align: justify\">No proporcionan ning\u00fan dato de car\u00e1cter personal del usuario y permiten que nuestro servidor, donde esta instalada nuestra web pueda reconocer, el navegador del ordenador utilizado por el usuario con la finalidad de que la navegaci\u00f3n pueda ser mas sencilla. Tambi\u00e9n pueden permitir, siempre y cuando, el Usuario se haya registrado previamente, acceder a los contenidos exclusivos para usuarios registrados de nuestra web sin que tenga que registrarse en cada visita.<\/p>\n<p style=\"text-align: justify\">El Usuario puede configurar su navegador para ser avisado a trav\u00e9s de la pantalla de su ordenador de la recepci\u00f3n en el mismo de cookies. Asimismo, el usuario puede impedir la instalaci\u00f3n de cookies en su ordenador, para ello debe consultar las instrucciones de uso de su navegador<\/p>\n<p style=\"text-align: justify\"><em>&#8211; COPYRIGHT<\/em><\/p>\n<p style=\"text-align: justify\">Los derechos de propiedad intelectual de estas p\u00e1ginas y de las pantallas que muestran estas p\u00e1ginas, y de la informaci\u00f3n y material que aparecen en las mismas y de su disposici\u00f3n, pertenecen al propietario de Cuisine Design salvo que se indique lo contrario. Los usuarios de nuestro Sito Web se comprometen a no reproducir, modificar, exhibir, vender, o distribuir el Contenido, ni a usarlo de cualquier otro modo con objeto comercial o p\u00fablico incluso citando la fuente original. Esta prohibici\u00f3n incluye la copia y adaptaci\u00f3n del c\u00f3digo HTML, utilizado para generar sitios web, en el Sitio Web Cuisine Design y todos los materiales gr\u00e1ficos por \u00e9l servidos, incluyendo botones, barras, fondos, logotipos, fotograf\u00edas, u otros no expresados en estos T\u00e9rminos y Condiciones, exceptuando los casos en los que Cuisine Design exprese lo contrario en un lugar destacado.<\/p>\n","protected":false},"excerpt":{"rendered":"<p>T\u00e9rminos y Condiciones Por favor, lea esta p\u00e1gina con atenci\u00f3n. La misma contiene los T\u00e9rminos y Condiciones que regulan el acceso y la utilizaci\u00f3n del Sitio Web Cuisine Design y sus servicios. &#8211; Los siguientes T\u00e9rminos y Condiciones constituyen un acuerdo v\u00e1lido y obligatorio entre usted y Cuisine Design. &#8211; La utilizaci\u00f3n del Sitio Web [&hellip;]<\/p>\n","protected":false},"author":4,"featured_media":0,"parent":0,"menu_order":0,"comment_status":"closed","ping_status":"closed","template":"page_conditions.php","meta":{"_s2mail":"no"},"_links":{"self":[{"href":"http:\/\/www.pinchofcumin.com\/en\/wp-json\/wp\/v2\/pages\/492"}],"collection":[{"href":"http:\/\/www.pinchofcumin.com\/en\/wp-json\/wp\/v2\/pages"}],"about":[{"href":"http:\/\/www.pinchofcumin.com\/en\/wp-json\/wp\/v2\/types\/page"}],"author":[{"embeddable":true,"href":"http:\/\/www.pinchofcumin.com\/en\/wp-json\/wp\/v2\/users\/4"}],"replies":[{"embeddable":true,"href":"http:\/\/www.pinchofcumin.com\/en\/wp-json\/wp\/v2\/comments?post=492"}],"version-history":[{"count":10,"href":"http:\/\/www.pinchofcumin.com\/en\/wp-json\/wp\/v2\/pages\/492\/revisions"}],"predecessor-version":[{"id":3822,"href":"http:\/\/www.pinchofcumin.com\/en\/wp-json\/wp\/v2\/pages\/492\/revisions\/3822"}],"wp:attachment":[{"href":"http:\/\/www.pinchofcumin.com\/en\/wp-json\/wp\/v2\/media?parent=492"}],"curies":[{"name":"wp","href":"https:\/\/api.w.org\/{rel}","templated":true}]}}