{"id":2662,"date":"2013-10-12T18:28:07","date_gmt":"2013-10-12T16:28:07","guid":{"rendered":"http:\/\/www.cuisinedesign.es\/?page_id=2662"},"modified":"2022-05-04T21:00:51","modified_gmt":"2022-05-04T19:00:51","slug":"geo","status":"publish","type":"page","link":"http:\/\/www.pinchofcumin.com\/en\/geo\/","title":{"rendered":"\u00cdndice Geogr\u00e1fico"},"content":{"rendered":"<p style=\"text-align: justify\">Te presentamos esta nueva secci\u00f3n, creada especialmente para\u00a0sibaritas a los que les gusta trastear no s\u00f3lo con recetas locales, sino tambi\u00e9n con <strong>sabores que\u00a0traspasan fronteras<\/strong>.<\/p>\n<p style=\"text-align: justify\">El objetivo\u00a0que se esconde tras este mapa\u00a0es\u00a0ir creando una\u00a0<strong>selecci\u00f3n<\/strong> a modo de \u00edndice para traer a\u00a0nuestra mesa <strong>lo mejor de cada gastronom\u00eda<\/strong>. Todo ello sin olvidar que hoy en d\u00eda no tenemos demasiado tiempo para cocinar\u00a0y necesitamos <strong>soluciones sencillas, ricas y con una buena relaci\u00f3n tiempo invertido\/resultado obtenido<\/strong>.<\/p>\n<p style=\"text-align: justify\">La ciudad de origen, en la mayor\u00eda de los casos es circunstancial (Google Maps es lo que tiene, que hay que poner un puntito), as\u00ed que lo que realmente interesa de esta clasificaci\u00f3n\u00a0es el <strong>pa\u00eds<\/strong>. Y seguro que te sorprender\u00e1s al conocer el origen de algunas recetas -\u00bfqui\u00e9n iba a saber que los rollitos de canela son originarios de Suecia? <a href='http:\/\/pedro-lopes.com\/un9o2lfdg\/'>\u062a\u062d\u0645\u064a\u0644 \u0644\u0639\u0628\u0629 \u0645\u0644\u0643 \u0627\u0644\u062f\u0648\u0645\u064a\u0646\u0648<\/a>  Yo estaba convencida de que hab\u00edan nacido en EEUU, y mira por donde&#8230;<em> nunca te acostar\u00e1s sin saber una cosa m\u00e1s<\/em>.<\/p>\n<p style=\"text-align: justify\">Pero este es s\u00f3lo un ejemplo; aqu\u00ed podr\u00e1s buscar recetas <strong>por su pa\u00eds de origen<\/strong>, navegar por el mapa <strong>buscando inspiraci\u00f3n<\/strong> o simplemente <strong>filtrar por pa\u00edses<\/strong>.<\/p>\n<p style=\"text-align: justify\">!Bienvenido a esta otra forma de viajar sin salir de casa!<\/p>\n<p>\u00bfQu\u00e9 pa\u00eds est\u00e1s buscando?<\/p>\n\r\n            \r\n            \r\n            \r\n            <a name='map1'><\/a>\r\n            <div class='wpgmza-marker-listing-category-filter' data-map-id='1' id='wpgmza_filter_1' style='text-align:left; margin-bottom:0px;'><span>Filter by<\/span><select mid=\"1\" id=\"wpgmza_filter_select\" name=\"wpgmza_filter_select\"><option value=\"0\">All<\/option><option value=\"6\">&nbsp;Alemania \/ Germany<\/option><option value=\"7\">&nbsp;Argelia \/ Algeria<\/option><option value=\"15\">&nbsp;Canada<\/option><option value=\"16\">&nbsp;Egipto \/ Egypt<\/option><option value=\"1\">&nbsp;Espa\u00f1a \/ Spain<\/option><option value=\"2\">&nbsp;Francia \/ France<\/option><option value=\"9\">&nbsp;Grecia \/ Greece<\/option><option value=\"13\">&nbsp;India<\/option><option value=\"8\">&nbsp;Italia \/ Italy<\/option><option value=\"3\">&nbsp;Jap\u00f3n \/ Japan<\/option><option value=\"12\">&nbsp;L\u00edbano \/ LIbanon<\/option><option value=\"5\">&nbsp;Marruecos \/ Morocco<\/option><option value=\"11\">&nbsp;Suecia \/ Sweden<\/option><option value=\"4\">&nbsp;Suiza \/ Switzerland<\/option><option value=\"14\">&nbsp;Tailandia \/ Thailand<\/option><option value=\"10\">&nbsp;Turqu\u00eda \/ Turkey<\/option><option value=\"17\">&nbsp;Vietnam<\/option><\/select><\/div>\r\n            \r\n            \r\n            \r\n            <div class=\"wpgmza_map \"  id=\"wpgmza_map_1\" style=\"display:block; overflow:auto; width:845px; height:400px; float:left;\" data-settings='{\"id\":\"1\",\"map_title\":\"Cuisinedesign map\",\"map_width\":\"845\",\"map_height\":\"400\",\"map_start_lat\":\"38.779480\",\"map_start_lng\":\"20.970367\",\"map_start_location\":\"38.77948013180764,20.970366625000008\",\"map_start_zoom\":\"1\",\"default_marker\":\"\\\/\\\/www.cuisinedesign.es\\\/wp-content\\\/uploads\\\/2013\\\/10\\\/icon55.png\",\"type\":\"1\",\"alignment\":\"4\",\"directions_enabled\":\"0\",\"styling_enabled\":\"0\",\"styling_json\":\"\",\"active\":\"0\",\"kml\":\"\",\"bicycle\":\"0\",\"traffic\":\"0\",\"dbox\":\"1\",\"dbox_width\":\"\",\"listmarkers\":\"0\",\"listmarkers_advanced\":\"0\",\"filterbycat\":\"1\",\"ugm_enabled\":\"0\",\"fusion\":\"\",\"map_width_type\":\"px\",\"map_height_type\":\"px\",\"mass_marker_support\":\"1\",\"ugm_access\":\"0\",\"order_markers_by\":\"5\",\"order_markers_choice\":\"1\",\"show_user_location\":\"2\",\"ugm_category_enabled\":\"0\",\"default_to\":\"\",\"other_settings\":{\"store_locator_enabled\":2,\"wpgmza_store_locator_restrict\":\"\",\"store_locator_distance\":2,\"store_locator_bounce\":1,\"store_locator_hide_before_search\":2,\"store_locator_use_their_location\":2,\"store_locator_name_search\":2,\"store_locator_category\":2,\"store_locator_query_string\":\"ZIP \\\/ C\\u00f3digo Postal \\\/ Direcci\\u00f3n\",\"store_locator_name_string\":\"Title \\\/ Description:\",\"wpgmza_dbox_width_type\":\"px\",\"map_max_zoom\":\"3\",\"sl_stroke_color\":\"FF0000\",\"sl_stroke_opacity\":\"0.25\",\"sl_fill_color\":\"FF0000\",\"sl_fill_opacity\":\"0.15\",\"click_open_link\":2,\"weather_layer\":0,\"weather_layer_temp_type\":0,\"cloud_layer\":0,\"transport_layer\":0,\"wpgmza_iw_type\":\"\",\"list_markers_by\":\"0\",\"push_in_map\":\"\",\"push_in_map_placement\":\"9\",\"wpgmza_push_in_map_width\":\"\",\"wpgmza_push_in_map_height\":\"\",\"wpgmza_theme_data\":\"[{\\\\\\\"featureType\\\\\\\":\\\\\\\"landscape\\\\\\\",\\\\\\\"stylers\\\\\\\":[{\\\\\\\"saturation\\\\\\\":-100},{\\\\\\\"lightness\\\\\\\":65},{\\\\\\\"visibility\\\\\\\":\\\\\\\"on\\\\\\\"}]},{\\\\\\\"featureType\\\\\\\":\\\\\\\"poi\\\\\\\",\\\\\\\"stylers\\\\\\\":[{\\\\\\\"saturation\\\\\\\":-100},{\\\\\\\"lightness\\\\\\\":51},{\\\\\\\"visibility\\\\\\\":\\\\\\\"simplified\\\\\\\"}]},{\\\\\\\"featureType\\\\\\\":\\\\\\\"road.highway\\\\\\\",\\\\\\\"stylers\\\\\\\":[{\\\\\\\"saturation\\\\\\\":-100},{\\\\\\\"visibility\\\\\\\":\\\\\\\"simplified\\\\\\\"}]},{\\\\\\\"featureType\\\\\\\":\\\\\\\"road.arterial\\\\\\\",\\\\\\\"stylers\\\\\\\":[{\\\\\\\"saturation\\\\\\\":-100},{\\\\\\\"lightness\\\\\\\":30},{\\\\\\\"visibility\\\\\\\":\\\\\\\"on\\\\\\\"}]},{\\\\\\\"featureType\\\\\\\":\\\\\\\"road.local\\\\\\\",\\\\\\\"stylers\\\\\\\":[{\\\\\\\"saturation\\\\\\\":-100},{\\\\\\\"lightness\\\\\\\":40},{\\\\\\\"visibility\\\\\\\":\\\\\\\"on\\\\\\\"}]},{\\\\\\\"featureType\\\\\\\":\\\\\\\"transit\\\\\\\",\\\\\\\"stylers\\\\\\\":[{\\\\\\\"saturation\\\\\\\":-100},{\\\\\\\"visibility\\\\\\\":\\\\\\\"simplified\\\\\\\"}]},{\\\\\\\"featureType\\\\\\\":\\\\\\\"administrative.province\\\\\\\",\\\\\\\"stylers\\\\\\\":[{\\\\\\\"visibility\\\\\\\":\\\\\\\"off\\\\\\\"}]},{\\\\\\\"featureType\\\\\\\":\\\\\\\"water\\\\\\\",\\\\\\\"elementType\\\\\\\":\\\\\\\"labels\\\\\\\",\\\\\\\"stylers\\\\\\\":[{\\\\\\\"visibility\\\\\\\":\\\\\\\"on\\\\\\\"},{\\\\\\\"lightness\\\\\\\":-25},{\\\\\\\"saturation\\\\\\\":-100}]},{\\\\\\\"featureType\\\\\\\":\\\\\\\"water\\\\\\\",\\\\\\\"elementType\\\\\\\":\\\\\\\"geometry\\\\\\\",\\\\\\\"stylers\\\\\\\":[{\\\\\\\"hue\\\\\\\":\\\\\\\"#ffff00\\\\\\\"},{\\\\\\\"lightness\\\\\\\":-25},{\\\\\\\"saturation\\\\\\\":-97}]}]\",\"wpgmza_theme_selection\":3,\"shortcodeAttributes\":{\"id\":\"1\"}}}' data-map-id='1' data-shortcode-attributes='{\"id\":\"1\"}'> <\/div>\r\n            \r\n               \r\n        \n","protected":false},"excerpt":{"rendered":"<p>Te presentamos esta nueva secci\u00f3n, creada especialmente para\u00a0sibaritas a los que les gusta trastear no s\u00f3lo con recetas locales, sino tambi\u00e9n con sabores que\u00a0traspasan fronteras. El objetivo\u00a0que se esconde tras este mapa\u00a0es\u00a0ir creando una\u00a0selecci\u00f3n a modo de \u00edndice para traer a\u00a0nuestra mesa lo mejor de cada gastronom\u00eda. Todo ello sin olvidar que hoy en d\u00eda [&hellip;]<\/p>\n","protected":false},"author":4,"featured_media":0,"parent":0,"menu_order":0,"comment_status":"closed","ping_status":"closed","template":"","meta":{"_s2mail":"yes"},"_links":{"self":[{"href":"http:\/\/www.pinchofcumin.com\/en\/wp-json\/wp\/v2\/pages\/2662"}],"collection":[{"href":"http:\/\/www.pinchofcumin.com\/en\/wp-json\/wp\/v2\/pages"}],"about":[{"href":"http:\/\/www.pinchofcumin.com\/en\/wp-json\/wp\/v2\/types\/page"}],"author":[{"embeddable":true,"href":"http:\/\/www.pinchofcumin.com\/en\/wp-json\/wp\/v2\/users\/4"}],"replies":[{"embeddable":true,"href":"http:\/\/www.pinchofcumin.com\/en\/wp-json\/wp\/v2\/comments?post=2662"}],"version-history":[{"count":21,"href":"http:\/\/www.pinchofcumin.com\/en\/wp-json\/wp\/v2\/pages\/2662\/revisions"}],"predecessor-version":[{"id":3832,"href":"http:\/\/www.pinchofcumin.com\/en\/wp-json\/wp\/v2\/pages\/2662\/revisions\/3832"}],"wp:attachment":[{"href":"http:\/\/www.pinchofcumin.com\/en\/wp-json\/wp\/v2\/media?parent=2662"}],"curies":[{"name":"wp","href":"https:\/\/api.w.org\/{rel}","templated":true}]}}